{"id":136,"date":"2025-10-09T13:18:46","date_gmt":"2025-10-09T13:18:46","guid":{"rendered":"https:\/\/samelylab.es\/?page_id=136"},"modified":"2025-10-10T15:03:12","modified_gmt":"2025-10-10T15:03:12","slug":"quien-es-samely-lab","status":"publish","type":"page","link":"https:\/\/samelylab.es\/it\/quien-es-samely-lab\/","title":{"rendered":"Qui\u00e9n es Samely Lab"},"content":{"rendered":"<div data-elementor-type=\"wp-page\" data-elementor-id=\"136\" class=\"elementor elementor-136\" data-elementor-post-type=\"page\">\n\t\t\t\t<div class=\"elementor-element elementor-element-2d942e3 e-flex e-con-boxed e-con e-parent\" data-id=\"2d942e3\" data-element_type=\"container\" data-settings=\"{&quot;background_background&quot;:&quot;classic&quot;}\">\n\t\t\t\t\t<div class=\"e-con-inner\">\n\t\t\t\t\t<\/div>\n\t\t\t\t<\/div>\n\t\t<div class=\"elementor-element elementor-element-55c09d2c e-flex e-con-boxed e-con e-parent\" data-id=\"55c09d2c\" data-element_type=\"container\">\n\t\t\t\t\t<div class=\"e-con-inner\">\n\t\t<div class=\"elementor-element elementor-element-53f1bfd0 e-con-full e-flex elementor-invisible e-con e-child\" data-id=\"53f1bfd0\" data-element_type=\"container\" data-settings=\"{&quot;background_background&quot;:&quot;slideshow&quot;,&quot;animation&quot;:&quot;fadeIn&quot;,&quot;background_slideshow_gallery&quot;:[{&quot;id&quot;:140,&quot;url&quot;:&quot;https:\\\/\\\/samelylab.es\\\/wp-content\\\/uploads\\\/2025\\\/10\\\/Captura-de-pantalla-2025-09-15-150712.png&quot;}],&quot;background_slideshow_loop&quot;:&quot;yes&quot;,&quot;background_slideshow_slide_duration&quot;:5000,&quot;background_slideshow_slide_transition&quot;:&quot;fade&quot;,&quot;background_slideshow_transition_duration&quot;:500}\">\n\t\t\t\t<div class=\"elementor-element elementor-element-1316c7c elementor-widget elementor-widget-spacer\" data-id=\"1316c7c\" data-element_type=\"widget\" data-widget_type=\"spacer.default\">\n\t\t\t\t\t\t\t<div class=\"elementor-spacer\">\n\t\t\t<div class=\"elementor-spacer-inner\"><\/div>\n\t\t<\/div>\n\t\t\t\t\t\t<\/div>\n\t\t\t\t<\/div>\n\t\t<div class=\"elementor-element elementor-element-1d486465 e-con-full e-flex e-con e-child\" data-id=\"1d486465\" data-element_type=\"container\">\n\t\t\t\t<div class=\"elementor-element elementor-element-2c3f0cd elementor-widget__width-inherit elementor-invisible elementor-widget elementor-widget-heading\" data-id=\"2c3f0cd\" data-element_type=\"widget\" data-settings=\"{&quot;_animation&quot;:&quot;fadeInUp&quot;,&quot;_animation_delay&quot;:200}\" data-widget_type=\"heading.default\">\n\t\t\t\t\t<h2 class=\"elementor-heading-title elementor-size-default\">Ciao, sono Lydia, la tua insegnante e guida in questa avventura.<\/h2>\t\t\t\t<\/div>\n\t\t\t\t<div class=\"elementor-element elementor-element-21ea1b6 elementor-widget__width-inherit elementor-invisible elementor-widget elementor-widget-text-editor\" data-id=\"21ea1b6\" data-element_type=\"widget\" data-settings=\"{&quot;_animation&quot;:&quot;fadeInUp&quot;,&quot;_animation_delay&quot;:400}\" data-widget_type=\"text-editor.default\">\n\t\t\t\t\t\t\t\t\t<p>Sono un\u2019insegnante di spagnolo, nata a Bilbao, nel nord della  Spagna. Amo le lingue, la cultura e le chiacchierate davanti a un  caff\u00e8. Ho aiutato centinaia di studenti adulti a parlare spagnolo senza  paura, e voglio che anche tu possa vivere questa trasformazione.<\/p>\t\t\t\t\t\t\t\t<\/div>\n\t\t\t\t<div class=\"elementor-element elementor-element-7249c73 elementor-widget__width-inherit elementor-widget elementor-widget-heading\" data-id=\"7249c73\" data-element_type=\"widget\" data-widget_type=\"heading.default\">\n\t\t\t\t\t<h2 class=\"elementor-heading-title elementor-size-default\">Enfoque de Samely Lab<\/h2>\t\t\t\t<\/div>\n\t\t\t\t<div class=\"elementor-element elementor-element-018aefe elementor-widget__width-inherit elementor-icon-list--layout-traditional elementor-list-item-link-full_width elementor-invisible elementor-widget elementor-widget-icon-list\" data-id=\"018aefe\" data-element_type=\"widget\" data-settings=\"{&quot;_animation&quot;:&quot;fadeInUp&quot;,&quot;_animation_delay&quot;:400}\" data-widget_type=\"icon-list.default\">\n\t\t\t\t\t\t\t<ul class=\"elementor-icon-list-items\">\n\t\t\t\t\t\t\t<li class=\"elementor-icon-list-item\">\n\t\t\t\t\t\t\t\t\t\t\t<span class=\"elementor-icon-list-icon\">\n\t\t\t\t\t\t\t<i aria-hidden=\"true\" class=\"icon icon-tick\"><\/i>\t\t\t\t\t\t<\/span>\n\t\t\t\t\t\t\t\t\t\t<span class=\"elementor-icon-list-text\">Cordiale, umano e motivante.<\/span>\n\t\t\t\t\t\t\t\t\t<\/li>\n\t\t\t\t\t\t\t\t<li class=\"elementor-icon-list-item\">\n\t\t\t\t\t\t\t\t\t\t\t<span class=\"elementor-icon-list-icon\">\n\t\t\t\t\t\t\t<i aria-hidden=\"true\" class=\"icon icon-tick\"><\/i>\t\t\t\t\t\t<\/span>\n\t\t\t\t\t\t\t\t\t\t<span class=\"elementor-icon-list-text\">Imparerai senza stress, con buon umore e al tuo ritmo. <\/span>\n\t\t\t\t\t\t\t\t\t<\/li>\n\t\t\t\t\t\t\t\t<li class=\"elementor-icon-list-item\">\n\t\t\t\t\t\t\t\t\t\t\t<span class=\"elementor-icon-list-icon\">\n\t\t\t\t\t\t\t<i aria-hidden=\"true\" class=\"icon icon-tick\"><\/i>\t\t\t\t\t\t<\/span>\n\t\t\t\t\t\t\t\t\t\t<span class=\"elementor-icon-list-text\">Perch\u00e9 non \u00e8 mai troppo tardi per imparare, viaggiare e godersi una nuova lingua.  <\/span>\n\t\t\t\t\t\t\t\t\t<\/li>\n\t\t\t\t\t\t<\/ul>\n\t\t\t\t\t\t<\/div>\n\t\t\t\t<div class=\"elementor-element elementor-element-2f8dc76b elementor-widget__width-inherit elementor-invisible elementor-widget elementor-widget-button\" data-id=\"2f8dc76b\" data-element_type=\"widget\" data-settings=\"{&quot;_animation&quot;:&quot;fadeInUp&quot;,&quot;_animation_delay&quot;:600}\" data-widget_type=\"button.default\">\n\t\t\t\t\t\t\t\t\t\t<a class=\"elementor-button elementor-button-link elementor-size-sm\" href=\"\/it\/contacto\/\">\n\t\t\t\t\t\t<span class=\"elementor-button-content-wrapper\">\n\t\t\t\t\t\t\t\t\t<span class=\"elementor-button-text\">Contatto<\/span>\n\t\t\t\t\t<\/span>\n\t\t\t\t\t<\/a>\n\t\t\t\t\t\t\t\t<\/div>\n\t\t\t\t<\/div>\n\t\t\t\t\t<\/div>\n\t\t\t\t<\/div>\n\t\t\t\t<\/div>","protected":false},"excerpt":{"rendered":"<p>Hola, soy Lydia, tu profe y gu\u00eda en esta aventura. Soy profesora de espa\u00f1ol, nacida en Bilbao, el norte de Espa\u00f1a, amante de los idiomas, la cultura y las charlas con un caf\u00e9. He ense\u00f1ado a cientos de estudiantes adultos a hablar espa\u00f1ol sin miedo, y quiero que t\u00fa tambi\u00e9n vivas esa transformaci\u00f3n. Enfoque de [&hellip;]<\/p>","protected":false},"author":2,"featured_media":0,"parent":0,"menu_order":0,"comment_status":"closed","ping_status":"closed","template":"","meta":{"footnotes":""},"class_list":["post-136","page","type-page","status-publish","hentry"],"yoast_head":"<!-- This site is optimized with the Yoast SEO plugin v26.1.1 - https:\/\/yoast.com\/wordpress\/plugins\/seo\/ -->\n<title>Qui\u00e9n es Samely Lab - Samely Lab<\/title>\n<meta name=\"robots\" content=\"index, follow, max-snippet:-1, max-image-preview:large, max-video-preview:-1\" \/>\n<link rel=\"canonical\" href=\"https:\/\/samelylab.es\/it\/quien-es-samely-lab\/\" \/>\n<meta property=\"og:locale\" content=\"it_IT\" \/>\n<meta property=\"og:type\" content=\"article\" \/>\n<meta property=\"og:title\" content=\"Qui\u00e9n es Samely Lab - Samely Lab\" \/>\n<meta property=\"og:description\" content=\"Hola, soy Lydia, tu profe y gu\u00eda en esta aventura. Soy profesora de espa\u00f1ol, nacida en Bilbao, el norte de Espa\u00f1a, amante de los idiomas, la cultura y las charlas con un caf\u00e9. He ense\u00f1ado a cientos de estudiantes adultos a hablar espa\u00f1ol sin miedo, y quiero que t\u00fa tambi\u00e9n vivas esa transformaci\u00f3n. Enfoque de [&hellip;]\" \/>\n<meta property=\"og:url\" content=\"https:\/\/samelylab.es\/it\/quien-es-samely-lab\/\" \/>\n<meta property=\"og:site_name\" content=\"Samely Lab\" \/>\n<meta property=\"article:modified_time\" content=\"2025-10-10T15:03:12+00:00\" \/>\n<meta name=\"twitter:card\" content=\"summary_large_image\" \/>\n<meta name=\"twitter:label1\" content=\"Tempo di lettura stimato\" \/>\n\t<meta name=\"twitter:data1\" content=\"1 minuto\" \/>\n<script type=\"application\/ld+json\" class=\"yoast-schema-graph\">{\"@context\":\"https:\/\/schema.org\",\"@graph\":[{\"@type\":\"WebPage\",\"@id\":\"https:\/\/samelylab.es\/quien-es-samely-lab\/\",\"url\":\"https:\/\/samelylab.es\/quien-es-samely-lab\/\",\"name\":\"Qui\u00e9n es Samely Lab - Samely Lab\",\"isPartOf\":{\"@id\":\"https:\/\/samelylab.es\/#website\"},\"datePublished\":\"2025-10-09T13:18:46+00:00\",\"dateModified\":\"2025-10-10T15:03:12+00:00\",\"breadcrumb\":{\"@id\":\"https:\/\/samelylab.es\/quien-es-samely-lab\/#breadcrumb\"},\"inLanguage\":\"it-IT\",\"potentialAction\":[{\"@type\":\"ReadAction\",\"target\":[\"https:\/\/samelylab.es\/quien-es-samely-lab\/\"]}]},{\"@type\":\"BreadcrumbList\",\"@id\":\"https:\/\/samelylab.es\/quien-es-samely-lab\/#breadcrumb\",\"itemListElement\":[{\"@type\":\"ListItem\",\"position\":1,\"name\":\"Home\",\"item\":\"https:\/\/samelylab.es\/\"},{\"@type\":\"ListItem\",\"position\":2,\"name\":\"Qui\u00e9n es Samely Lab\"}]},{\"@type\":\"WebSite\",\"@id\":\"https:\/\/samelylab.es\/#website\",\"url\":\"https:\/\/samelylab.es\/\",\"name\":\"Samely Lab\",\"description\":\"\",\"potentialAction\":[{\"@type\":\"SearchAction\",\"target\":{\"@type\":\"EntryPoint\",\"urlTemplate\":\"https:\/\/samelylab.es\/?s={search_term_string}\"},\"query-input\":{\"@type\":\"PropertyValueSpecification\",\"valueRequired\":true,\"valueName\":\"search_term_string\"}}],\"inLanguage\":\"it-IT\"}]}<\/script>\n<!-- \/ Yoast SEO plugin. -->","yoast_head_json":{"title":"Qui\u00e9n es Samely Lab - Samely Lab","robots":{"index":"index","follow":"follow","max-snippet":"max-snippet:-1","max-image-preview":"max-image-preview:large","max-video-preview":"max-video-preview:-1"},"canonical":"https:\/\/samelylab.es\/it\/quien-es-samely-lab\/","og_locale":"it_IT","og_type":"article","og_title":"Qui\u00e9n es Samely Lab - Samely Lab","og_description":"Hola, soy Lydia, tu profe y gu\u00eda en esta aventura. Soy profesora de espa\u00f1ol, nacida en Bilbao, el norte de Espa\u00f1a, amante de los idiomas, la cultura y las charlas con un caf\u00e9. He ense\u00f1ado a cientos de estudiantes adultos a hablar espa\u00f1ol sin miedo, y quiero que t\u00fa tambi\u00e9n vivas esa transformaci\u00f3n. Enfoque de [&hellip;]","og_url":"https:\/\/samelylab.es\/it\/quien-es-samely-lab\/","og_site_name":"Samely Lab","article_modified_time":"2025-10-10T15:03:12+00:00","twitter_card":"summary_large_image","twitter_misc":{"Tempo di lettura stimato":"1 minuto"},"schema":{"@context":"https:\/\/schema.org","@graph":[{"@type":"WebPage","@id":"https:\/\/samelylab.es\/quien-es-samely-lab\/","url":"https:\/\/samelylab.es\/quien-es-samely-lab\/","name":"Qui\u00e9n es Samely Lab - Samely Lab","isPartOf":{"@id":"https:\/\/samelylab.es\/#website"},"datePublished":"2025-10-09T13:18:46+00:00","dateModified":"2025-10-10T15:03:12+00:00","breadcrumb":{"@id":"https:\/\/samelylab.es\/quien-es-samely-lab\/#breadcrumb"},"inLanguage":"it-IT","potentialAction":[{"@type":"ReadAction","target":["https:\/\/samelylab.es\/quien-es-samely-lab\/"]}]},{"@type":"BreadcrumbList","@id":"https:\/\/samelylab.es\/quien-es-samely-lab\/#breadcrumb","itemListElement":[{"@type":"ListItem","position":1,"name":"Home","item":"https:\/\/samelylab.es\/"},{"@type":"ListItem","position":2,"name":"Qui\u00e9n es Samely Lab"}]},{"@type":"WebSite","@id":"https:\/\/samelylab.es\/#website","url":"https:\/\/samelylab.es\/","name":"Samely Lab","description":"","potentialAction":[{"@type":"SearchAction","target":{"@type":"EntryPoint","urlTemplate":"https:\/\/samelylab.es\/?s={search_term_string}"},"query-input":{"@type":"PropertyValueSpecification","valueRequired":true,"valueName":"search_term_string"}}],"inLanguage":"it-IT"}]}},"_links":{"self":[{"href":"https:\/\/samelylab.es\/it\/wp-json\/wp\/v2\/pages\/136","targetHints":{"allow":["GET"]}}],"collection":[{"href":"https:\/\/samelylab.es\/it\/wp-json\/wp\/v2\/pages"}],"about":[{"href":"https:\/\/samelylab.es\/it\/wp-json\/wp\/v2\/types\/page"}],"author":[{"embeddable":true,"href":"https:\/\/samelylab.es\/it\/wp-json\/wp\/v2\/users\/2"}],"replies":[{"embeddable":true,"href":"https:\/\/samelylab.es\/it\/wp-json\/wp\/v2\/comments?post=136"}],"version-history":[{"count":8,"href":"https:\/\/samelylab.es\/it\/wp-json\/wp\/v2\/pages\/136\/revisions"}],"predecessor-version":[{"id":302,"href":"https:\/\/samelylab.es\/it\/wp-json\/wp\/v2\/pages\/136\/revisions\/302"}],"wp:attachment":[{"href":"https:\/\/samelylab.es\/it\/wp-json\/wp\/v2\/media?parent=136"}],"curies":[{"name":"wp","href":"https:\/\/api.w.org\/{rel}","templated":true}]}}