{"id":270,"date":"2025-10-10T13:36:32","date_gmt":"2025-10-10T13:36:32","guid":{"rendered":"https:\/\/samelylab.es\/?page_id=270"},"modified":"2025-10-10T13:40:28","modified_gmt":"2025-10-10T13:40:28","slug":"aviso-legal","status":"publish","type":"page","link":"https:\/\/samelylab.es\/it\/aviso-legal\/","title":{"rendered":"Aviso Legal"},"content":{"rendered":"<div data-elementor-type=\"wp-page\" data-elementor-id=\"270\" class=\"elementor elementor-270\" data-elementor-post-type=\"page\">\n\t\t\t\t<div class=\"elementor-element elementor-element-c77a510 e-flex e-con-boxed e-con e-parent\" data-id=\"c77a510\" data-element_type=\"container\">\n\t\t\t\t\t<div class=\"e-con-inner\">\n\t\t\t\t<div class=\"elementor-element elementor-element-575ada6 elementor-widget elementor-widget-text-editor\" data-id=\"575ada6\" data-element_type=\"widget\" data-widget_type=\"text-editor.default\">\n\t\t\t\t\t\t\t\t\t<div class=\"elementor-element elementor-element-8904aa9 e-flex e-con-boxed e-con e-parent e-lazyloaded\" data-id=\"8904aa9\" data-element_type=\"container\"><div class=\"e-con-inner\"><div class=\"elementor-element elementor-element-e16af41 elementor-widget elementor-widget-heading\" data-id=\"e16af41\" data-element_type=\"widget\" data-widget_type=\"heading.default\"><div class=\"elementor-widget-container\"><h2 class=\"elementor-heading-title elementor-size-default\">Avviso legale<\/h2><\/div><\/div><\/div><\/div><div class=\"elementor-element elementor-element-9ee39ae e-flex e-con-boxed e-con e-parent e-lazyloaded\" data-id=\"9ee39ae\" data-element_type=\"container\"><div class=\"e-con-inner\"><div class=\"elementor-element elementor-element-697bcdf elementor-widget elementor-widget-text-editor\" data-id=\"697bcdf\" data-element_type=\"widget\" data-widget_type=\"text-editor.default\"><div class=\"elementor-widget-container\"><p><strong>1. DATI IDENTIFICATIVI<\/strong><\/p><p>Denominazione sociale: Lidia Meda L\u00f3pez (di seguito responsabile)<br \/>Nome commerciale: Lidia Meda L\u00f3pez<br \/>NIF: 44973327R\u00a0<br \/>Indirizzo: Calle Licenciado Poza 64<br \/>e-mail: lydia.mesa@gmail.com<\/p><p>Il responsabile mette a disposizione degli utenti il presente documento, con il quale intende adempiere agli obblighi previsti dalla Legge 34\/2002, dell'11 luglio, sui Servizi della Societ\u00e0 dell'Informazione e del Commercio Elettronico (LSSICE), nonch\u00e9 informare tutti gli utenti del sito web in merito alle condizioni d'uso. Chiunque acceda a questo sito web assume il ruolo di utente, impegnandosi a rispettare e adempiere rigorosamente alle disposizioni qui riportate, nonch\u00e9 a qualsiasi altra disposizione legale applicabile.<\/p><p>Il responsabile si riserva il diritto di modificare qualsiasi tipo di informazione che possa apparire sul sito web, senza alcun obbligo di preavviso o di informare gli utenti di tali obblighi, ritenendo sufficiente la pubblicazione sul sito web del responsabile.<\/p><p><strong>2. OGGETTO<\/strong><\/p><p>Attraverso il sito web realizzato da<a href=\"https:\/\/cardeseo.com\/\">\u00a0Cardeseo<\/a>, offriamo agli Utenti la possibilit\u00e0 di accedere alle informazioni sui nostri servizi.<\/p><p><strong>3. PRIVACY E TRATTAMENTO DEI DATI<\/strong><\/p><p>Quando per accedere a determinati contenuti o servizi \u00e8 necessario fornire dati personali, gli Utenti ne garantiranno la veridicit\u00e0, l'esattezza, l'autenticit\u00e0 e la validit\u00e0. L'azienda tratter\u00e0 tali dati in modo automatizzato in base alla loro natura o finalit\u00e0, nei termini indicati nella sezione Politica sulla privacy.<\/p><p><strong>4. PROPRIET\u00c0 INDUSTRIALE E INTELLETTUALE<\/strong><\/p><p>L'Utente riconosce e accetta che tutti i contenuti visualizzati sul Sito Web e, in particolare, i disegni, i testi, le immagini, i loghi, le icone, i pulsanti, il software, i nomi commerciali, i marchi o qualsiasi altro segno suscettibile di utilizzo industriale e\/o commerciale sono soggetti a diritti di propriet\u00e0 intellettuale e che tutti i marchi, i nomi commerciali o i segni distintivi, tutti i diritti di propriet\u00e0 industriale e intellettuale sui contenuti e\/o qualsiasi altro elemento inserito nella pagina, sono di propriet\u00e0 esclusiva dell'azienda e\/o di terzi, che hanno il diritto esclusivo di utilizzarli nel traffico economico. Per tutto ci\u00f2, l'Utente si impegna a non riprodurre, copiare, distribuire, mettere a disposizione o in qualsiasi altro modo comunicare pubblicamente, trasformare o modificare tali contenuti, mantenendo indenne l'azienda da qualsiasi reclamo derivante dal mancato rispetto di tali obblighi.<\/p><p>In nessun caso l'accesso al Sito Web implica alcun tipo di rinuncia, trasmissione, licenza o cessione totale o parziale di tali diritti, salvo diversamente specificato. Le presenti Condizioni Generali di Utilizzo dello Spazio Web non conferiscono agli Utenti alcun altro diritto di utilizzo, alterazione, sfruttamento, riproduzione, distribuzione o comunicazione pubblica dello Spazio Web e\/o dei suoi Contenuti diversi da quelli qui espressamente previsti. Qualsiasi altro utilizzo o sfruttamento di qualsiasi diritto sar\u00e0 soggetto alla previa ed espressa autorizzazione specificatamente concessa a tal fine dalla societ\u00e0 o dal terzo titolare dei diritti interessati.<\/p><p>I contenuti, i testi, le fotografie, i disegni, i loghi, le immagini, i programmi informatici, i codici sorgente e, in generale, qualsiasi creazione intellettuale esistente in questo Spazio, cos\u00ec come lo Spazio stesso nel suo complesso, in quanto opera artistica multimediale, sono protetti dal diritto d'autore dalla legislazione in materia di propriet\u00e0 intellettuale. L'azienda \u00e8 titolare degli elementi che compongono il design grafico dello Spazio Web, i menu, i pulsanti di navigazione, il codice HTML, i testi, le immagini, le texture, i grafici e qualsiasi altro contenuto dello Spazio Web o, in ogni caso, dispone della relativa autorizzazione per l'utilizzo di tali elementi. Il contenuto dello Spazio Web non pu\u00f2 essere riprodotto n\u00e9 in tutto n\u00e9 in parte, n\u00e9 trasmesso, n\u00e9 registrato da alcun sistema di recupero informazioni, in nessuna forma e con nessun mezzo, salvo previa autorizzazione scritta da parte della suddetta Entit\u00e0.<\/p><p>\u00c8 inoltre vietato sopprimere, eludere e\/o manipolare il \u201ccopyright\u201d cos\u00ec come i dispositivi tecnici di protezione o qualsiasi meccanismo di informazione che possa contenere i contenuti. L'utente di questo sito web si impegna a rispettare i diritti enunciati e ad evitare qualsiasi azione che possa ledere tali diritti, riservandosi in ogni caso l'azienda il diritto di ricorrere a qualsiasi mezzo o azione legale a sua disposizione per difendere i propri legittimi diritti di propriet\u00e0 intellettuale e industriale.<\/p><p><strong>5. RESPONSABILIT\u00c0<\/strong><\/p><p>Non si garantisce l'accesso continuativo, n\u00e9 la corretta visualizzazione, il download o l'utilit\u00e0 degli elementi e delle informazioni contenuti nel sito web che potrebbero essere impediti, ostacolati o interrotti da fattori o circostanze che esulano dal proprio controllo. Non si assume alcuna responsabilit\u00e0 per le decisioni che potrebbero essere adottate a seguito dell'accesso ai contenuti o alle informazioni offerti.<\/p><p>Il servizio potr\u00e0 essere interrotto, o il rapporto con l'Utente risolto immediatamente, qualora si riscontri un utilizzo dello Spazio Web, o di uno qualsiasi dei servizi ivi offerti, contrario alle presenti Condizioni Generali d'Uso. Non ci assumiamo alcuna responsabilit\u00e0 per danni, perdite, reclami o spese derivanti dall'uso dello Spazio Web.<\/p><p>Sar\u00e0 responsabile esclusivamente della rimozione, nel pi\u00f9 breve tempo possibile, dei contenuti che potrebbero causare tali danni, previa notifica.<\/p><p>L'azienda esclude qualsiasi responsabilit\u00e0 per danni e pregiudizi di qualsiasi natura che potrebbero derivare dall'uso improprio dei servizi liberamente disponibili e utilizzabili dagli utenti dello spazio web. Allo stesso modo, \u00e8 esonerata da qualsiasi responsabilit\u00e0 per i contenuti e le informazioni che potrebbero essere ricevuti a seguito dei moduli di raccolta dati, essendo questi ultimi destinati esclusivamente alla fornitura di servizi di consulenza e assistenza. D'altra parte, in caso di danni causati da un uso illecito o scorretto di tali servizi, l'Utente potr\u00e0 essere chiamato a rispondere dei danni causati.<\/p><p>L'utente manterr\u00e0 indenne l'azienda da qualsiasi danno e pregiudizio derivante da reclami, azioni o richieste di risarcimento da parte di terzi a seguito dell'accesso o dell'utilizzo dello Spazio Web. Allo stesso modo, l'utente si impegna a risarcire eventuali danni derivanti dall'uso da parte sua di \u201crobot\u201d, \u2018spider\u2019, \u201ccrawler\u201d o strumenti simili utilizzati allo scopo di raccogliere o estrarre dati o da qualsiasi altra azione da parte sua che imponga un carico irragionevole sul funzionamento dello Spazio Web.<\/p><p><strong>6. HYPERLINK<\/strong><\/p><p>L'Utente si impegna a non riprodurre in alcun modo, nemmeno tramite collegamento ipertestuale o hyperlink, lo Spazio Web n\u00e9 alcuno dei suoi contenuti, salvo espressa autorizzazione scritta del responsabile del file.<\/p><p>Il sito web pu\u00f2 includere collegamenti ad altri siti web gestiti da terzi, al fine di facilitare l'accesso dell'utente alle informazioni delle aziende collaboratrici e\/o sponsor. Di conseguenza, la societ\u00e0 non \u00e8 responsabile del contenuto di tali siti web, n\u00e9 si pone in posizione di garante e\/o fornitore dei servizi e\/o delle informazioni che possono essere offerti a terzi attraverso i collegamenti di terzi.<\/p><p><strong>7. PROTEZIONE DEI DATI<\/strong><\/p><p>Per utilizzare alcuni dei Servizi, l'Utente deve fornire preventivamente alcuni dati personali. L'azienda tratter\u00e0 automaticamente questi dati e applicher\u00e0 le misure di sicurezza corrispondenti, il tutto in conformit\u00e0 con il RGPD, la LOPDGDD e la LSSI. L'Utente pu\u00f2 accedere alla politica seguita nel trattamento dei dati personali, nonch\u00e9 alla definizione delle finalit\u00e0 precedentemente stabilite, alle condizioni definite nella Politica sulla privacy.<\/p><p><strong>8. COOKIE<\/strong><\/p><p>L'azienda si riserva il diritto di utilizzare la tecnologia \u201ccookie\u201d nello Spazio Web, al fine di riconoscere l'utente come utente frequente e personalizzare l'utilizzo dello Spazio Web tramite la preselezione della lingua o dei contenuti pi\u00f9 desiderati o specifici.<br \/>I cookie raccolgono l'indirizzo IP dell'utente e Google \u00e8 responsabile del trattamento di tali informazioni.<\/p><p>I cookie sono file inviati a un browser, tramite un server web, per registrare la navigazione dell'utente nello spazio web, quando l'utente ne consente la ricezione. Se lo desidera, pu\u00f2 configurare il suo browser in modo da essere avvisato sullo schermo della ricezione dei cookie e impedire l'installazione dei cookie sul suo disco rigido. Si prega di consultare le istruzioni e i manuali del proprio browser per ulteriori informazioni.<\/p><p>Grazie ai cookie \u00e8 possibile riconoscere il browser del computer utilizzato dall'utente al fine di fornire contenuti e offrire le preferenze di navigazione o pubblicitarie dell'utente, i profili demografici degli utenti, nonch\u00e9 misurare le visite e i parametri di traffico, controllare i progressi e il numero di accessi.<\/p><p><strong>9. DICHIARAZIONI E GARANZIE<\/strong><\/p><p>In generale, i contenuti e i servizi offerti nello Spazio Web hanno carattere puramente informativo. Di conseguenza, nel fornirli, non viene concessa alcuna garanzia n\u00e9 dichiarazione in relazione ai contenuti e ai servizi offerti nello Spazio Web, incluse, a titolo esemplificativo, garanzie di legalit\u00e0, affidabilit\u00e0, utilit\u00e0, veridicit\u00e0, accuratezza o commerciabilit\u00e0, salvo nella misura in cui tali dichiarazioni e garanzie non possano essere escluse per legge.<\/p><p><strong>10. FORZA MAGGIORE<\/strong><\/p><p>L'azienda non sar\u00e0 responsabile in alcun caso di impossibilit\u00e0 di fornire il servizio, se ci\u00f2 \u00e8 dovuto a interruzioni prolungate della fornitura elettrica, delle linee di telecomunicazione, conflitti sociali, scioperi, ribellioni, esplosioni, inondazioni, atti e omissioni del Governo e, in generale, tutti i casi di forza maggiore o caso fortuito.<\/p><p><strong>11. RISOLUZIONE DELLE CONTROVERSIE. LEGGE APPLICABILE E GIURISDIZIONE<\/strong><\/p><p>Le presenti Condizioni Generali d'Uso, cos\u00ec come l'utilizzo dello Spazio Web, saranno regolate dalla legislazione spagnola. Per la risoluzione di qualsiasi controversia, le parti si sottoporranno ai Tribunali della sede legale del Responsabile del sito web.<\/p><p>Nel caso in cui una qualsiasi delle disposizioni delle presenti Condizioni Generali d'Uso risultasse inapplicabile o nulla in virt\u00f9 della legislazione applicabile o a seguito di una decisione giudiziaria o amministrativa, tale inapplicabilit\u00e0 o nullit\u00e0 non render\u00e0 le presenti Condizioni Generali d'Uso inapplicabili o nulle nel loro complesso. In tali casi, la societ\u00e0 proceder\u00e0 alla modifica o alla sostituzione di tale clausola con un'altra che sia valida e applicabile e che, nella misura del possibile, raggiunga l'obiettivo e l'intento riflessi nella clausola originale.<\/p><\/div><\/div><\/div><\/div>\t\t\t\t\t\t\t\t<\/div>\n\t\t\t\t\t<\/div>\n\t\t\t\t<\/div>\n\t\t\t\t<\/div>","protected":false},"excerpt":{"rendered":"<p>Aviso legal 1. DATOS IDENTIFICATIVOS Denominaci\u00f3n social: Lidia Meda L\u00f3pez (en adelante responsable)Nombre comercial: Lidia Meda L\u00f3pezNIF: 44973327R\u00a0Domicilio: Calle Licenciado Poza 64e-mail: lydia.mesa@gmail.com El responsable, pone a disposici\u00f3n de los usuarios el presente documento, con el que pretende dar cumplimiento a las obligaciones dispuestas en la Ley 34\/2002, de 11 de julio, de Servicios de [&hellip;]<\/p>","protected":false},"author":2,"featured_media":0,"parent":0,"menu_order":0,"comment_status":"closed","ping_status":"closed","template":"elementor_header_footer","meta":{"footnotes":""},"class_list":["post-270","page","type-page","status-publish","hentry"],"yoast_head":"<!-- This site is optimized with the Yoast SEO plugin v26.1.1 - https:\/\/yoast.com\/wordpress\/plugins\/seo\/ -->\n<title>Aviso Legal - Samely Lab<\/title>\n<meta name=\"robots\" content=\"index, follow, max-snippet:-1, max-image-preview:large, max-video-preview:-1\" \/>\n<link rel=\"canonical\" href=\"https:\/\/samelylab.es\/it\/aviso-legal\/\" \/>\n<meta property=\"og:locale\" content=\"it_IT\" \/>\n<meta property=\"og:type\" content=\"article\" \/>\n<meta property=\"og:title\" content=\"Aviso Legal - Samely Lab\" \/>\n<meta property=\"og:description\" content=\"Aviso legal 1. DATOS IDENTIFICATIVOS Denominaci\u00f3n social: Lidia Meda L\u00f3pez (en adelante responsable)Nombre comercial: Lidia Meda L\u00f3pezNIF: 44973327R\u00a0Domicilio: Calle Licenciado Poza 64e-mail: lydia.mesa@gmail.com El responsable, pone a disposici\u00f3n de los usuarios el presente documento, con el que pretende dar cumplimiento a las obligaciones dispuestas en la Ley 34\/2002, de 11 de julio, de Servicios de [&hellip;]\" \/>\n<meta property=\"og:url\" content=\"https:\/\/samelylab.es\/it\/aviso-legal\/\" \/>\n<meta property=\"og:site_name\" content=\"Samely Lab\" \/>\n<meta property=\"article:modified_time\" content=\"2025-10-10T13:40:28+00:00\" \/>\n<meta name=\"twitter:card\" content=\"summary_large_image\" \/>\n<meta name=\"twitter:label1\" content=\"Tempo di lettura stimato\" \/>\n\t<meta name=\"twitter:data1\" content=\"8 minuti\" \/>\n<script type=\"application\/ld+json\" class=\"yoast-schema-graph\">{\"@context\":\"https:\/\/schema.org\",\"@graph\":[{\"@type\":\"WebPage\",\"@id\":\"https:\/\/samelylab.es\/aviso-legal\/\",\"url\":\"https:\/\/samelylab.es\/aviso-legal\/\",\"name\":\"Aviso Legal - Samely Lab\",\"isPartOf\":{\"@id\":\"https:\/\/samelylab.es\/#website\"},\"datePublished\":\"2025-10-10T13:36:32+00:00\",\"dateModified\":\"2025-10-10T13:40:28+00:00\",\"breadcrumb\":{\"@id\":\"https:\/\/samelylab.es\/aviso-legal\/#breadcrumb\"},\"inLanguage\":\"it-IT\",\"potentialAction\":[{\"@type\":\"ReadAction\",\"target\":[\"https:\/\/samelylab.es\/aviso-legal\/\"]}]},{\"@type\":\"BreadcrumbList\",\"@id\":\"https:\/\/samelylab.es\/aviso-legal\/#breadcrumb\",\"itemListElement\":[{\"@type\":\"ListItem\",\"position\":1,\"name\":\"Home\",\"item\":\"https:\/\/samelylab.es\/\"},{\"@type\":\"ListItem\",\"position\":2,\"name\":\"Aviso Legal\"}]},{\"@type\":\"WebSite\",\"@id\":\"https:\/\/samelylab.es\/#website\",\"url\":\"https:\/\/samelylab.es\/\",\"name\":\"Samely Lab\",\"description\":\"\",\"potentialAction\":[{\"@type\":\"SearchAction\",\"target\":{\"@type\":\"EntryPoint\",\"urlTemplate\":\"https:\/\/samelylab.es\/?s={search_term_string}\"},\"query-input\":{\"@type\":\"PropertyValueSpecification\",\"valueRequired\":true,\"valueName\":\"search_term_string\"}}],\"inLanguage\":\"it-IT\"}]}<\/script>\n<!-- \/ Yoast SEO plugin. -->","yoast_head_json":{"title":"Aviso Legal - Samely Lab","robots":{"index":"index","follow":"follow","max-snippet":"max-snippet:-1","max-image-preview":"max-image-preview:large","max-video-preview":"max-video-preview:-1"},"canonical":"https:\/\/samelylab.es\/it\/aviso-legal\/","og_locale":"it_IT","og_type":"article","og_title":"Aviso Legal - Samely Lab","og_description":"Aviso legal 1. DATOS IDENTIFICATIVOS Denominaci\u00f3n social: Lidia Meda L\u00f3pez (en adelante responsable)Nombre comercial: Lidia Meda L\u00f3pezNIF: 44973327R\u00a0Domicilio: Calle Licenciado Poza 64e-mail: lydia.mesa@gmail.com El responsable, pone a disposici\u00f3n de los usuarios el presente documento, con el que pretende dar cumplimiento a las obligaciones dispuestas en la Ley 34\/2002, de 11 de julio, de Servicios de [&hellip;]","og_url":"https:\/\/samelylab.es\/it\/aviso-legal\/","og_site_name":"Samely Lab","article_modified_time":"2025-10-10T13:40:28+00:00","twitter_card":"summary_large_image","twitter_misc":{"Tempo di lettura stimato":"8 minuti"},"schema":{"@context":"https:\/\/schema.org","@graph":[{"@type":"WebPage","@id":"https:\/\/samelylab.es\/aviso-legal\/","url":"https:\/\/samelylab.es\/aviso-legal\/","name":"Aviso Legal - Samely Lab","isPartOf":{"@id":"https:\/\/samelylab.es\/#website"},"datePublished":"2025-10-10T13:36:32+00:00","dateModified":"2025-10-10T13:40:28+00:00","breadcrumb":{"@id":"https:\/\/samelylab.es\/aviso-legal\/#breadcrumb"},"inLanguage":"it-IT","potentialAction":[{"@type":"ReadAction","target":["https:\/\/samelylab.es\/aviso-legal\/"]}]},{"@type":"BreadcrumbList","@id":"https:\/\/samelylab.es\/aviso-legal\/#breadcrumb","itemListElement":[{"@type":"ListItem","position":1,"name":"Home","item":"https:\/\/samelylab.es\/"},{"@type":"ListItem","position":2,"name":"Aviso Legal"}]},{"@type":"WebSite","@id":"https:\/\/samelylab.es\/#website","url":"https:\/\/samelylab.es\/","name":"Samely Lab","description":"","potentialAction":[{"@type":"SearchAction","target":{"@type":"EntryPoint","urlTemplate":"https:\/\/samelylab.es\/?s={search_term_string}"},"query-input":{"@type":"PropertyValueSpecification","valueRequired":true,"valueName":"search_term_string"}}],"inLanguage":"it-IT"}]}},"_links":{"self":[{"href":"https:\/\/samelylab.es\/it\/wp-json\/wp\/v2\/pages\/270","targetHints":{"allow":["GET"]}}],"collection":[{"href":"https:\/\/samelylab.es\/it\/wp-json\/wp\/v2\/pages"}],"about":[{"href":"https:\/\/samelylab.es\/it\/wp-json\/wp\/v2\/types\/page"}],"author":[{"embeddable":true,"href":"https:\/\/samelylab.es\/it\/wp-json\/wp\/v2\/users\/2"}],"replies":[{"embeddable":true,"href":"https:\/\/samelylab.es\/it\/wp-json\/wp\/v2\/comments?post=270"}],"version-history":[{"count":4,"href":"https:\/\/samelylab.es\/it\/wp-json\/wp\/v2\/pages\/270\/revisions"}],"predecessor-version":[{"id":275,"href":"https:\/\/samelylab.es\/it\/wp-json\/wp\/v2\/pages\/270\/revisions\/275"}],"wp:attachment":[{"href":"https:\/\/samelylab.es\/it\/wp-json\/wp\/v2\/media?parent=270"}],"curies":[{"name":"wp","href":"https:\/\/api.w.org\/{rel}","templated":true}]}}