{"id":276,"date":"2025-10-10T13:42:09","date_gmt":"2025-10-10T13:42:09","guid":{"rendered":"https:\/\/samelylab.es\/?page_id=276"},"modified":"2025-10-10T13:43:59","modified_gmt":"2025-10-10T13:43:59","slug":"politica-de-privacidad","status":"publish","type":"page","link":"https:\/\/samelylab.es\/it\/politica-de-privacidad\/","title":{"rendered":"Pol\u00edtica de Privacidad"},"content":{"rendered":"<div data-elementor-type=\"wp-page\" data-elementor-id=\"276\" class=\"elementor elementor-276\" data-elementor-post-type=\"page\">\n\t\t\t\t<div class=\"elementor-element elementor-element-36e714b e-flex e-con-boxed e-con e-parent\" data-id=\"36e714b\" data-element_type=\"container\">\n\t\t\t\t\t<div class=\"e-con-inner\">\n\t\t\t\t<div class=\"elementor-element elementor-element-1e33a92 elementor-widget elementor-widget-text-editor\" data-id=\"1e33a92\" data-element_type=\"widget\" data-widget_type=\"text-editor.default\">\n\t\t\t\t\t\t\t\t\t<div class=\"elementor-element elementor-element-9cb4945 e-flex e-con-boxed e-con e-parent e-lazyloaded\" data-id=\"9cb4945\" data-element_type=\"container\"><div class=\"e-con-inner\"><div class=\"elementor-element elementor-element-c2db161 elementor-widget elementor-widget-heading\" data-id=\"c2db161\" data-element_type=\"widget\" data-widget_type=\"heading.default\"><div class=\"elementor-widget-container\"><h2 class=\"elementor-heading-title elementor-size-default\">Politica sulla riservatezza<\/h2><\/div><\/div><\/div><\/div><div class=\"elementor-element elementor-element-774330e e-flex e-con-boxed e-con e-parent e-lazyloaded\" data-id=\"774330e\" data-element_type=\"container\"><div class=\"e-con-inner\"><div class=\"elementor-element elementor-element-516bcdc elementor-widget elementor-widget-text-editor\" data-id=\"516bcdc\" data-element_type=\"widget\" data-widget_type=\"text-editor.default\"><div class=\"elementor-widget-container\"><p>Denominazione sociale: Lidia Meda L\u00f3pez (di seguito responsabile)<br \/>Nome commerciale: Lidia Meda L\u00f3pez<br \/>NIF: 44973327R\u00a0<br \/>Indirizzo: Calle Licenciado Poza 64<br \/>e-mail: lydia.mesa@gmail.com<\/p><p>Nel rispetto delle disposizioni della normativa vigente, il responsabile si impegna ad adottare le misure tecniche e organizzative necessarie, in base al livello di sicurezza adeguato al rischio dei dati raccolti.<\/p><p><strong>LEGGI CHE INCORPORANO LA PRESENTE INFORMATIVA SULLA PRIVACY<\/strong><\/p><p>La presente informativa sulla privacy \u00e8 conforme alla normativa spagnola ed europea vigente in materia di protezione dei dati personali su Internet. Nello specifico, essa rispetta le seguenti norme:<\/p><ul><li>Il Regolamento (UE) 2016\/679 del Parlamento Europeo e del Consiglio, del 27 aprile 2016, relativo alla protezione delle persone fisiche con riguardo al trattamento dei dati personali e alla libera circolazione di tali dati (RGPD).<\/li><li>Legge organica 3\/2018, del 5 dicembre, sulla protezione dei dati personali e la garanzia dei diritti digitali (LOPD-GDD).<\/li><li>Il Regio Decreto 1720\/2007, del 21 dicembre, che approva il Regolamento di attuazione della Legge Organica 15\/1999, del 13 dicembre, sulla Protezione dei Dati di Carattere Personale (RDLOPD).<\/li><li>Legge 34\/2002, dell'11 luglio, sui servizi della societ\u00e0 dell'informazione e del commercio elettronico (LSSI-CE).<\/li><\/ul><p><strong>REGISTRAZIONE DEI DATI PERSONALI<\/strong><\/p><p>In conformit\u00e0 con quanto stabilito dal RGPD e dalla LOPD-GDD, informiamo che i dati personali raccolti dal responsabile tramite i moduli presenti nelle sue pagine saranno incorporati e trattati nel nostro archivio al fine di facilitare, velocizzare e adempiere agli impegni stabiliti tra il responsabile e l'utente o di mantenere il rapporto stabilito nei moduli compilati dall'utente, o per rispondere a una richiesta o consultazione dello stesso. Inoltre, in conformit\u00e0 con quanto previsto dal RGPD e dalla LOPD-GDD, salvo che sia applicabile l'eccezione prevista dall'articolo 30.5 del RGPD, viene tenuto un registro delle attivit\u00e0 di trattamento che specifica, in base alle finalit\u00e0, le attivit\u00e0 di trattamento svolte e le altre circostanze stabilite dal RGPD.<\/p><p><strong>PRINCIPI APPLICABILI AL TRATTAMENTO DEI DATI PERSONALI<\/strong><\/p><p>Il trattamento dei dati personali dell'Utente sar\u00e0 soggetto ai seguenti principi contenuti nell'articolo 5 del RGPD e nell'articolo 4 e seguenti della Legge Organica 3\/2018, del 5 dicembre, sulla Protezione dei Dati Personali e la garanzia dei diritti digitali:<\/p><ul><li>Principio di liceit\u00e0, correttezza e trasparenza: sar\u00e0 sempre richiesto il consenso dell'Utente previa informazione completamente trasparente delle finalit\u00e0 per le quali vengono raccolti i dati personali.<\/li><li>Principio di limitazione delle finalit\u00e0: i dati personali saranno raccolti per finalit\u00e0 determinate, esplicite e legittime.<\/li><li>Principio di minimizzazione dei dati: i dati personali raccolti saranno solo quelli strettamente necessari in relazione alle finalit\u00e0 per cui sono trattati.<\/li><li>Principio di accuratezza: i dati personali devono essere accurati e sempre aggiornati.<\/li><li>Principio di limitazione del periodo di conservazione: i dati personali saranno conservati in modo tale da consentire l'identificazione dell'Utente solo per il tempo necessario alle finalit\u00e0 del loro trattamento.<\/li><li>Principio di integrit\u00e0 e riservatezza: i dati personali saranno trattati in modo da garantirne la sicurezza e la riservatezza.<\/li><li>Principio di responsabilit\u00e0 proattiva: il responsabile del trattamento sar\u00e0 responsabile di garantire il rispetto dei principi sopra indicati.<\/li><\/ul><p><strong>CATEGORIE DI DATI PERSONALI<\/strong><\/p><p>Le categorie di dati trattati sul sito web del responsabile sono esclusivamente dati identificativi. In nessun caso vengono trattate categorie particolari di dati personali ai sensi dell'articolo 9 del RGPD.<\/p><p><strong>BASE GIURIDICA PER IL TRATTAMENTO DEI DATI PERSONALI<\/strong><\/p><p>La base giuridica per il trattamento dei dati personali \u00e8 il consenso. Il responsabile si impegna a ottenere il consenso espresso e verificabile dell'Utente per il trattamento dei suoi dati personali per uno o pi\u00f9 scopi specifici.<\/p><p>L'Utente avr\u00e0 il diritto di revocare il proprio consenso in qualsiasi momento. Revocare il consenso sar\u00e0 facile quanto darlo. Come regola generale, la revoca del consenso non condizioner\u00e0 l'uso del Sito Web.<\/p><p>Nei casi in cui l'Utente debba o possa fornire i propri dati tramite moduli per effettuare richieste, richiedere informazioni o per motivi legati al contenuto del Sito Web, verr\u00e0 informato qualora la compilazione di alcuni di essi sia obbligatoria in quanto indispensabili per il corretto svolgimento dell'operazione effettuata.<\/p><p><strong>FINALIT\u00c0 DEL TRATTAMENTO DEI DATI PERSONALI<\/strong><\/p><p>I dati personali sono raccolti e gestiti dal responsabile al fine di facilitare, velocizzare e adempiere agli impegni stabiliti tra il sito web e l'utente o di mantenere il rapporto stabilito nei moduli compilati da quest'ultimo o per rispondere a una richiesta o a una domanda.<\/p><p>Allo stesso modo, i dati potranno essere utilizzati per finalit\u00e0 commerciali di personalizzazione, operative e statistiche, e per attivit\u00e0 inerenti all'oggetto sociale del responsabile, nonch\u00e9 per l'estrazione, l'archiviazione dei dati e studi di marketing al fine di adeguare i Contenuti offerti all'Utente, nonch\u00e9 migliorare la qualit\u00e0, il funzionamento e la navigazione del Sito Web.<\/p><p>Al momento della raccolta dei dati personali, l'Utente sar\u00e0 informato in merito allo scopo o agli scopi specifici del trattamento a cui saranno destinati i dati personali, ovvero dell'uso o degli usi che saranno fatti delle informazioni raccolte.<\/p><p><strong>PERIODI DI CONSERVAZIONE DEI DATI PERSONALI<\/strong><\/p><p>I dati personali saranno conservati solo per il tempo minimo necessario alle finalit\u00e0 del loro trattamento e, in ogni caso, solo per il seguente periodo: 18 mesi, o fino a quando l'Utente non ne richieda la cancellazione.<\/p><p>Al momento della raccolta dei dati personali, l'Utente sar\u00e0 informato del periodo di conservazione dei dati personali o, qualora ci\u00f2 non fosse possibile, dei criteri utilizzati per determinare tale periodo.<\/p><p><strong>DESTINATARI DEI DATI PERSONALI<\/strong><\/p><p>I dati personali dell'Utente non saranno condivisi con terzi.<\/p><p>In ogni caso, al momento della raccolta dei dati personali, l'Utente sar\u00e0 informato in merito ai destinatari o alle categorie di destinatari dei dati personali.<\/p><p><strong>DATI PERSONALI DI MINORI<\/strong><\/p><p>In conformit\u00e0 con quanto stabilito dall'articolo 8 del RGPD e dall'articolo 7 della Legge Organica 3\/2018, del 5 dicembre, sulla protezione dei dati personali e la garanzia dei diritti digitali, solo i maggiori di 14 anni potranno dare il proprio consenso al trattamento dei propri dati personali in modo lecito da parte del responsabile. Nel caso di minori di et\u00e0 inferiore ai 14 anni, sar\u00e0 necessario il consenso dei genitori o dei tutori per il trattamento, che sar\u00e0 considerato lecito solo nella misura in cui essi lo abbiano autorizzato.<\/p><p><strong>RISERVATEZZA E SICUREZZA DEI DATI PERSONALI<\/strong><\/p><p>Il responsabile si impegna ad adottare le misure tecniche e organizzative necessarie, in base al livello di sicurezza adeguato al rischio dei dati raccolti, in modo da garantire la sicurezza dei dati personali ed evitare la distruzione, la perdita o l'alterazione accidentale o illecita dei dati personali trasmessi, conservati o trattati in altro modo, o la comunicazione o l'accesso non autorizzati a tali dati.<\/p><p>Tuttavia, poich\u00e9 il responsabile non pu\u00f2 garantire l'inespugnabilit\u00e0 di Internet n\u00e9 la totale assenza di hacker o altri soggetti che accedano in modo fraudolento ai dati personali, il Responsabile del trattamento si impegna a comunicare all'Utente senza indebito ritardo quando si verifica una violazione della sicurezza dei dati personali che possa comportare un rischio elevato per i diritti e le libert\u00e0 delle persone fisiche. Ai sensi dell'articolo 4 del RGPD, per violazione della sicurezza dei dati personali si intende qualsiasi violazione della sicurezza che comporti la distruzione, la perdita o l'alterazione accidentale o illecita di dati personali trasmessi, conservati o trattati in altro modo, o la comunicazione o l'accesso non autorizzati a tali dati.<\/p><p>I dati personali saranno trattati in modo confidenziale dal Responsabile del trattamento, che si impegna a informare e garantire, tramite un obbligo legale o contrattuale, che tale riservatezza sia rispettata dai propri dipendenti, collaboratori e da qualsiasi persona a cui siano rese accessibili tali informazioni.<\/p><p><strong>DIRITTI DERIVANTI DAL TRATTAMENTO DEI DATI PERSONALI<\/strong><\/p><p>L'Utente ha nei confronti del responsabile del trattamento i seguenti diritti riconosciuti dal RGPD e dalla Legge Organica 3\/2018, del 5 dicembre, sulla Protezione dei Dati Personali e la garanzia dei diritti digitali, e potr\u00e0 quindi esercitarli nei confronti del Responsabile del trattamento:<\/p><ul><li><i>Diritto di accesso:<\/i>\u00a0L'Utente ha il diritto di ottenere la conferma che il responsabile del trattamento stia trattando o meno i suoi dati personali e, in caso affermativo, di ottenere informazioni sui suoi dati personali specifici e sul trattamento che il responsabile ha effettuato o effettua, nonch\u00e9, tra l'altro, sulle informazioni disponibili relative all'origine di tali dati e ai destinatari delle comunicazioni effettuate o previste.<\/li><li><i>Diritto di rettifica:<\/i>\u00a0L'Utente ha il diritto di richiedere la modifica dei propri dati personali che risultino inesatti o, tenendo conto delle finalit\u00e0 del trattamento, incompleti.<\/li><li><i>Diritto alla cancellazione (\u201cdiritto all'oblio\u201d):<\/i>\u00a0\u00c8 diritto dell'Utente, salvo che la legislazione vigente non disponga diversamente, ottenere la cancellazione dei propri dati personali quando questi non siano pi\u00f9 necessari per le finalit\u00e0 per cui sono stati raccolti o trattati; l'Utente abbia revocato il proprio consenso al trattamento e questo non abbia altra base giuridica; l'Utente si opponga al trattamento e non sussista altro motivo legittimo per continuare ad esso; i dati personali siano stati trattati illecitamente; i dati personali devono essere cancellati in ottemperanza a un obbligo legale; o i dati personali sono stati ottenuti a seguito di un'offerta diretta di servizi della societ\u00e0 dell'informazione a un minore di 14 anni. Oltre a cancellare i dati, il Titolare del trattamento, tenendo conto della tecnologia disponibile e dei costi della sua applicazione, deve adottare misure ragionevoli per informare i responsabili che trattano i dati personali della richiesta dell'interessato di cancellare qualsiasi collegamento a tali dati personali.<\/li><li><i>Diritto alla limitazione del trattamento:<\/i>\u00a0\u00c8 il diritto dell'Utente di limitare il trattamento dei propri dati personali. L'Utente ha il diritto di ottenere la limitazione del trattamento quando contesta l'esattezza dei propri dati personali; il trattamento \u00e8 illecito; il Titolare del trattamento non ha pi\u00f9 bisogno dei dati personali, ma l'Utente ne ha bisogno per presentare reclami; e quando l'Utente si \u00e8 opposto al trattamento.<\/li><li><i>Diritto alla portabilit\u00e0 dei dati:<\/i>\u00a0Nel caso in cui il trattamento sia effettuato con mezzi automatizzati, l'Utente avr\u00e0 il diritto di ricevere dal Titolare del trattamento i propri dati personali in un formato strutturato, di uso comune e leggibile da dispositivo automatico, e di trasmetterli a un altro titolare del trattamento. Ove tecnicamente possibile, il Titolare del trattamento trasmetter\u00e0 direttamente i dati a tale altro titolare.<\/li><li><i>Diritto di opposizione:<\/i>\u00a0\u00c8 il diritto dell'Utente di non consentire il trattamento dei propri dati personali o di richiederne la cessazione da parte del responsabile.<\/li><li><i>Diritto di non essere oggetto di una decisione basata esclusivamente sul trattamento automatizzato, compresa la profilazione:<\/i>\u00a0\u00c8 diritto dell'Utente non essere oggetto di una decisione individualizzata basata esclusivamente sul trattamento automatizzato dei propri dati personali, compresa la profilazione, salvo che la legislazione vigente non disponga diversamente.<\/li><\/ul><p>Pertanto, l'Utente potr\u00e0 esercitare i propri diritti mediante comunicazione scritta indirizzata al Responsabile del trattamento, specificando:<\/p><ul><li>Nome, cognome dell'Utente e copia della carta d'identit\u00e0. Nei casi in cui sia ammessa la rappresentanza, sar\u00e0 necessaria anche l'identificazione con lo stesso mezzo della persona che rappresenta l'Utente, nonch\u00e9 il documento che attesta la rappresentanza. La fotocopia della carta d'identit\u00e0 potr\u00e0 essere sostituita da qualsiasi altro mezzo legalmente valido che attesti l'identit\u00e0.<\/li><li>Richiesta con i motivi specifici della richiesta o le informazioni a cui si desidera accedere.<\/li><li>Indirizzo per le notifiche.<\/li><li>Data e firma del richiedente.<\/li><li>Qualsiasi documento che comprovi la richiesta presentata.<\/li><\/ul><p>Collegamenti a siti web di terzi<\/p><p>Il sito web pu\u00f2 includere collegamenti ipertestuali o link che consentono di accedere a pagine web di terzi diversi dal responsabile e che, pertanto, non sono gestiti dal responsabile. I titolari di tali siti web disporranno delle proprie politiche di protezione dei dati, essendo essi stessi, in ogni caso, responsabili dei propri archivi e delle proprie pratiche in materia di privacy.<\/p><p><strong>RECLAMI ALL'AUTORIT\u00c0 DI CONTROLLO<\/strong><\/p><p>Qualora l'Utente ritenga che sussista un problema o una violazione della normativa vigente nel modo in cui vengono trattati i suoi dati personali, avr\u00e0 diritto a una tutela giurisdizionale effettiva e a presentare un reclamo dinanzi a un'autorit\u00e0 di controllo, in particolare nello Stato in cui ha la sua residenza abituale, il luogo di lavoro o il luogo della presunta violazione. Nel caso della Spagna, l'autorit\u00e0 di controllo \u00e8 l'Agenzia spagnola per la protezione dei dati (https:\/\/www.aepd.es\/).<\/p><p><strong>ACCETTAZIONE E MODIFICHE ALLA PRESENTE INFORMATIVA SULLA PRIVACY<\/strong><\/p><p>\u00c8 necessario che l'Utente abbia letto e accetti le condizioni relative alla protezione dei dati personali contenute nella presente Informativa sulla privacy, nonch\u00e9 acconsenta al trattamento dei propri dati personali affinch\u00e9 il Titolare del trattamento possa procedere al trattamento stesso nelle modalit\u00e0, nei termini e per le finalit\u00e0 indicati. L'utilizzo del Sito web implica l'accettazione della relativa Informativa sulla privacy.<\/p><p>Il responsabile si riserva il diritto di modificare la propria Politica sulla privacy, secondo il proprio criterio o in seguito a modifiche legislative, giurisprudenziali o dottrinali dell'Agenzia spagnola per la protezione dei dati. Le modifiche o gli aggiornamenti della presente Politica sulla privacy non saranno comunicati esplicitamente all'Utente. Si consiglia all'Utente di consultare periodicamente questa pagina per essere al corrente delle ultime modifiche o aggiornamenti.<\/p><p>La presente Informativa sulla privacy \u00e8 stata aggiornata per adeguarsi al Regolamento (UE) 2016\/679 del Parlamento europeo e del Consiglio, del 27 aprile 2016, relativo alla protezione delle persone fisiche con riguardo al trattamento dei dati personali e alla libera circolazione di tali dati (RGPD) e alla Legge Organica 3\/2018, del 5 dicembre, sulla protezione dei dati personali e la garanzia dei diritti digitali.<\/p><\/div><\/div><\/div><\/div>\t\t\t\t\t\t\t\t<\/div>\n\t\t\t\t\t<\/div>\n\t\t\t\t<\/div>\n\t\t\t\t<\/div>","protected":false},"excerpt":{"rendered":"<p>Pol\u00edtica de privacidad Denominaci\u00f3n social: Lidia Meda L\u00f3pez (en adelante responsable)Nombre comercial: Lidia Meda L\u00f3pezNIF: 44973327R\u00a0Domicilio: Calle Licenciado Poza 64e-mail: lydia.mesa@gmail.com Respetando lo establecido en la legislaci\u00f3n vigente, el responsable\u00a0se compromete a adoptar las medidas t\u00e9cnicas y organizativas necesarias, seg\u00fan el nivel de seguridad adecuado al riesgo de los datos recogidos. LEYES QUE INCORPORA ESTA [&hellip;]<\/p>","protected":false},"author":2,"featured_media":0,"parent":0,"menu_order":0,"comment_status":"closed","ping_status":"closed","template":"elementor_header_footer","meta":{"footnotes":""},"class_list":["post-276","page","type-page","status-publish","hentry"],"yoast_head":"<!-- This site is optimized with the Yoast SEO plugin v26.1.1 - https:\/\/yoast.com\/wordpress\/plugins\/seo\/ -->\n<title>Pol\u00edtica de Privacidad - Samely Lab<\/title>\n<meta name=\"robots\" content=\"index, follow, max-snippet:-1, max-image-preview:large, max-video-preview:-1\" \/>\n<link rel=\"canonical\" href=\"https:\/\/samelylab.es\/it\/politica-de-privacidad\/\" \/>\n<meta property=\"og:locale\" content=\"it_IT\" \/>\n<meta property=\"og:type\" content=\"article\" \/>\n<meta property=\"og:title\" content=\"Pol\u00edtica de Privacidad - Samely Lab\" \/>\n<meta property=\"og:description\" content=\"Pol\u00edtica de privacidad Denominaci\u00f3n social: Lidia Meda L\u00f3pez (en adelante responsable)Nombre comercial: Lidia Meda L\u00f3pezNIF: 44973327R\u00a0Domicilio: Calle Licenciado Poza 64e-mail: lydia.mesa@gmail.com Respetando lo establecido en la legislaci\u00f3n vigente, el responsable\u00a0se compromete a adoptar las medidas t\u00e9cnicas y organizativas necesarias, seg\u00fan el nivel de seguridad adecuado al riesgo de los datos recogidos. LEYES QUE INCORPORA ESTA [&hellip;]\" \/>\n<meta property=\"og:url\" content=\"https:\/\/samelylab.es\/it\/politica-de-privacidad\/\" \/>\n<meta property=\"og:site_name\" content=\"Samely Lab\" \/>\n<meta property=\"article:modified_time\" content=\"2025-10-10T13:43:59+00:00\" \/>\n<meta name=\"twitter:card\" content=\"summary_large_image\" \/>\n<meta name=\"twitter:label1\" content=\"Tempo di lettura stimato\" \/>\n\t<meta name=\"twitter:data1\" content=\"12 minuti\" \/>\n<script type=\"application\/ld+json\" class=\"yoast-schema-graph\">{\"@context\":\"https:\/\/schema.org\",\"@graph\":[{\"@type\":\"WebPage\",\"@id\":\"https:\/\/samelylab.es\/politica-de-privacidad\/\",\"url\":\"https:\/\/samelylab.es\/politica-de-privacidad\/\",\"name\":\"Pol\u00edtica de Privacidad - Samely Lab\",\"isPartOf\":{\"@id\":\"https:\/\/samelylab.es\/#website\"},\"datePublished\":\"2025-10-10T13:42:09+00:00\",\"dateModified\":\"2025-10-10T13:43:59+00:00\",\"breadcrumb\":{\"@id\":\"https:\/\/samelylab.es\/politica-de-privacidad\/#breadcrumb\"},\"inLanguage\":\"it-IT\",\"potentialAction\":[{\"@type\":\"ReadAction\",\"target\":[\"https:\/\/samelylab.es\/politica-de-privacidad\/\"]}]},{\"@type\":\"BreadcrumbList\",\"@id\":\"https:\/\/samelylab.es\/politica-de-privacidad\/#breadcrumb\",\"itemListElement\":[{\"@type\":\"ListItem\",\"position\":1,\"name\":\"Home\",\"item\":\"https:\/\/samelylab.es\/\"},{\"@type\":\"ListItem\",\"position\":2,\"name\":\"Pol\u00edtica de Privacidad\"}]},{\"@type\":\"WebSite\",\"@id\":\"https:\/\/samelylab.es\/#website\",\"url\":\"https:\/\/samelylab.es\/\",\"name\":\"Samely Lab\",\"description\":\"\",\"potentialAction\":[{\"@type\":\"SearchAction\",\"target\":{\"@type\":\"EntryPoint\",\"urlTemplate\":\"https:\/\/samelylab.es\/?s={search_term_string}\"},\"query-input\":{\"@type\":\"PropertyValueSpecification\",\"valueRequired\":true,\"valueName\":\"search_term_string\"}}],\"inLanguage\":\"it-IT\"}]}<\/script>\n<!-- \/ Yoast SEO plugin. -->","yoast_head_json":{"title":"Pol\u00edtica de Privacidad - Samely Lab","robots":{"index":"index","follow":"follow","max-snippet":"max-snippet:-1","max-image-preview":"max-image-preview:large","max-video-preview":"max-video-preview:-1"},"canonical":"https:\/\/samelylab.es\/it\/politica-de-privacidad\/","og_locale":"it_IT","og_type":"article","og_title":"Pol\u00edtica de Privacidad - Samely Lab","og_description":"Pol\u00edtica de privacidad Denominaci\u00f3n social: Lidia Meda L\u00f3pez (en adelante responsable)Nombre comercial: Lidia Meda L\u00f3pezNIF: 44973327R\u00a0Domicilio: Calle Licenciado Poza 64e-mail: lydia.mesa@gmail.com Respetando lo establecido en la legislaci\u00f3n vigente, el responsable\u00a0se compromete a adoptar las medidas t\u00e9cnicas y organizativas necesarias, seg\u00fan el nivel de seguridad adecuado al riesgo de los datos recogidos. LEYES QUE INCORPORA ESTA [&hellip;]","og_url":"https:\/\/samelylab.es\/it\/politica-de-privacidad\/","og_site_name":"Samely Lab","article_modified_time":"2025-10-10T13:43:59+00:00","twitter_card":"summary_large_image","twitter_misc":{"Tempo di lettura stimato":"12 minuti"},"schema":{"@context":"https:\/\/schema.org","@graph":[{"@type":"WebPage","@id":"https:\/\/samelylab.es\/politica-de-privacidad\/","url":"https:\/\/samelylab.es\/politica-de-privacidad\/","name":"Pol\u00edtica de Privacidad - Samely Lab","isPartOf":{"@id":"https:\/\/samelylab.es\/#website"},"datePublished":"2025-10-10T13:42:09+00:00","dateModified":"2025-10-10T13:43:59+00:00","breadcrumb":{"@id":"https:\/\/samelylab.es\/politica-de-privacidad\/#breadcrumb"},"inLanguage":"it-IT","potentialAction":[{"@type":"ReadAction","target":["https:\/\/samelylab.es\/politica-de-privacidad\/"]}]},{"@type":"BreadcrumbList","@id":"https:\/\/samelylab.es\/politica-de-privacidad\/#breadcrumb","itemListElement":[{"@type":"ListItem","position":1,"name":"Home","item":"https:\/\/samelylab.es\/"},{"@type":"ListItem","position":2,"name":"Pol\u00edtica de Privacidad"}]},{"@type":"WebSite","@id":"https:\/\/samelylab.es\/#website","url":"https:\/\/samelylab.es\/","name":"Samely Lab","description":"","potentialAction":[{"@type":"SearchAction","target":{"@type":"EntryPoint","urlTemplate":"https:\/\/samelylab.es\/?s={search_term_string}"},"query-input":{"@type":"PropertyValueSpecification","valueRequired":true,"valueName":"search_term_string"}}],"inLanguage":"it-IT"}]}},"_links":{"self":[{"href":"https:\/\/samelylab.es\/it\/wp-json\/wp\/v2\/pages\/276","targetHints":{"allow":["GET"]}}],"collection":[{"href":"https:\/\/samelylab.es\/it\/wp-json\/wp\/v2\/pages"}],"about":[{"href":"https:\/\/samelylab.es\/it\/wp-json\/wp\/v2\/types\/page"}],"author":[{"embeddable":true,"href":"https:\/\/samelylab.es\/it\/wp-json\/wp\/v2\/users\/2"}],"replies":[{"embeddable":true,"href":"https:\/\/samelylab.es\/it\/wp-json\/wp\/v2\/comments?post=276"}],"version-history":[{"count":4,"href":"https:\/\/samelylab.es\/it\/wp-json\/wp\/v2\/pages\/276\/revisions"}],"predecessor-version":[{"id":281,"href":"https:\/\/samelylab.es\/it\/wp-json\/wp\/v2\/pages\/276\/revisions\/281"}],"wp:attachment":[{"href":"https:\/\/samelylab.es\/it\/wp-json\/wp\/v2\/media?parent=276"}],"curies":[{"name":"wp","href":"https:\/\/api.w.org\/{rel}","templated":true}]}}