{"id":44,"date":"2025-10-09T11:52:47","date_gmt":"2025-10-09T11:52:47","guid":{"rendered":"https:\/\/samelylab.es\/?page_id=44"},"modified":"2025-10-10T08:02:16","modified_gmt":"2025-10-10T08:02:16","slug":"inicio","status":"publish","type":"page","link":"https:\/\/samelylab.es\/it\/","title":{"rendered":"Inizio"},"content":{"rendered":"<div data-elementor-type=\"wp-page\" data-elementor-id=\"44\" class=\"elementor elementor-44\" data-elementor-post-type=\"page\">\n\t\t\t\t<div class=\"elementor-element elementor-element-350b54fa e-flex e-con-boxed e-con e-parent\" data-id=\"350b54fa\" data-element_type=\"container\">\n\t\t\t\t\t<div class=\"e-con-inner\">\n\t\t<div class=\"elementor-element elementor-element-46b88cb1 e-con-full e-flex e-con e-child\" data-id=\"46b88cb1\" data-element_type=\"container\">\n\t\t\t\t<div class=\"elementor-element elementor-element-394f4682 elementor-widget__width-inherit elementor-invisible elementor-widget elementor-widget-text-editor\" data-id=\"394f4682\" data-element_type=\"widget\" data-settings=\"{&quot;_animation&quot;:&quot;fadeInUp&quot;}\" data-widget_type=\"text-editor.default\">\n\t\t\t\t\t\t\t\t\t<p>Impara lo spagnolo, come se fossi in Spagna<\/p>\t\t\t\t\t\t\t\t<\/div>\n\t\t\t\t<div class=\"elementor-element elementor-element-67c4dd1f elementor-widget__width-inherit elementor-invisible elementor-widget elementor-widget-heading\" data-id=\"67c4dd1f\" data-element_type=\"widget\" data-settings=\"{&quot;_animation&quot;:&quot;fadeInUp&quot;,&quot;_animation_delay&quot;:200}\" data-widget_type=\"heading.default\">\n\t\t\t\t\t<h1 class=\"elementor-heading-title elementor-size-default\">Impara lo spagnolo, come se fossi in Spagna<\/h1>\t\t\t\t<\/div>\n\t\t\t\t<div class=\"elementor-element elementor-element-4ff4b896 elementor-widget__width-inherit elementor-invisible elementor-widget elementor-widget-text-editor\" data-id=\"4ff4b896\" data-element_type=\"widget\" data-settings=\"{&quot;_animation&quot;:&quot;fadeInUp&quot;,&quot;_animation_delay&quot;:400}\" data-widget_type=\"text-editor.default\">\n\t\t\t\t\t\t\t\t\t<p><strong>Lezioni online efficaci, autentiche e soprattutto divertenti per adulti che \nvogliono parlare senza paura.<\/strong><\/p><p>Un metodo diverso: conversazioni reali, insegnante madrelingua, partecipazione \nattiva fin dal primo giorno e un tocco autentico di cultura spagnola.<\/p>\t\t\t\t\t\t\t\t<\/div>\n\t\t\t\t<div class=\"elementor-element elementor-element-1eec04d5 elementor-invisible elementor-widget elementor-widget-button\" data-id=\"1eec04d5\" data-element_type=\"widget\" data-settings=\"{&quot;_animation&quot;:&quot;fadeInUp&quot;,&quot;_animation_delay&quot;:600}\" data-widget_type=\"button.default\">\n\t\t\t\t\t\t\t\t\t\t<a class=\"elementor-button elementor-button-link elementor-size-sm\" href=\"\/it\/contacto\/\">\n\t\t\t\t\t\t<span class=\"elementor-button-content-wrapper\">\n\t\t\t\t\t\t\t\t\t<span class=\"elementor-button-text\">Prenota la tua lezione di prova gratuita<\/span>\n\t\t\t\t\t<\/span>\n\t\t\t\t\t<\/a>\n\t\t\t\t\t\t\t\t<\/div>\n\t\t\t\t<\/div>\n\t\t<div class=\"elementor-element elementor-element-65067023 e-con-full e-flex e-con e-child\" data-id=\"65067023\" data-element_type=\"container\">\n\t\t<div class=\"elementor-element elementor-element-5b1b2fc1 e-con-full e-flex e-con e-child\" data-id=\"5b1b2fc1\" data-element_type=\"container\">\n\t\t<div class=\"elementor-element elementor-element-655f0ba2 e-flex e-con-boxed elementor-invisible e-con e-child\" data-id=\"655f0ba2\" data-element_type=\"container\" data-settings=\"{&quot;background_background&quot;:&quot;slideshow&quot;,&quot;background_slideshow_gallery&quot;:[{&quot;id&quot;:96,&quot;url&quot;:&quot;https:\\\/\\\/samelylab.es\\\/wp-content\\\/uploads\\\/2025\\\/10\\\/Captura-de-pantalla-2025-09-15-145358.png&quot;},{&quot;id&quot;:97,&quot;url&quot;:&quot;https:\\\/\\\/samelylab.es\\\/wp-content\\\/uploads\\\/2025\\\/10\\\/Captura-de-pantalla-2025-09-15-145402.png&quot;},{&quot;id&quot;:99,&quot;url&quot;:&quot;https:\\\/\\\/samelylab.es\\\/wp-content\\\/uploads\\\/2025\\\/10\\\/Captura-de-pantalla-2025-09-15-145346.png&quot;},{&quot;id&quot;:100,&quot;url&quot;:&quot;https:\\\/\\\/samelylab.es\\\/wp-content\\\/uploads\\\/2025\\\/10\\\/Captura-de-pantalla-2025-09-15-145353.png&quot;}],&quot;animation&quot;:&quot;fadeInUp&quot;,&quot;background_slideshow_ken_burns&quot;:&quot;yes&quot;,&quot;background_slideshow_loop&quot;:&quot;yes&quot;,&quot;background_slideshow_slide_duration&quot;:5000,&quot;background_slideshow_slide_transition&quot;:&quot;fade&quot;,&quot;background_slideshow_transition_duration&quot;:500,&quot;background_slideshow_ken_burns_zoom_direction&quot;:&quot;in&quot;}\">\n\t\t\t\t\t<div class=\"e-con-inner\">\n\t\t\t\t<div class=\"elementor-element elementor-element-2303c0ea elementor-widget-divider--view-line elementor-widget elementor-widget-divider\" data-id=\"2303c0ea\" data-element_type=\"widget\" data-widget_type=\"divider.default\">\n\t\t\t\t\t\t\t<div class=\"elementor-divider\">\n\t\t\t<span class=\"elementor-divider-separator\">\n\t\t\t\t\t\t<\/span>\n\t\t<\/div>\n\t\t\t\t\t\t<\/div>\n\t\t\t\t\t<\/div>\n\t\t\t\t<\/div>\n\t\t<div class=\"elementor-element elementor-element-318422ab e-con-full e-flex elementor-invisible e-con e-child\" data-id=\"318422ab\" data-element_type=\"container\" data-settings=\"{&quot;background_background&quot;:&quot;classic&quot;,&quot;animation&quot;:&quot;fadeInUp&quot;,&quot;animation_delay&quot;:200}\">\n\t\t\t\t<div class=\"elementor-element elementor-element-23ea7f6d elementor-widget elementor-widget-heading\" data-id=\"23ea7f6d\" data-element_type=\"widget\" data-widget_type=\"heading.default\">\n\t\t\t\t\t<h6 class=\"elementor-heading-title elementor-size-default\">\u201cDa Milano a Palermo, gli italiani imparano lo spagnolo con Samely Lab\u2026 e si divertono un mondo!\u201d\n<\/h6>\t\t\t\t<\/div>\n\t\t\t\t<\/div>\n\t\t\t\t<\/div>\n\t\t<div class=\"elementor-element elementor-element-76e71153 e-con-full e-flex elementor-invisible e-con e-child\" data-id=\"76e71153\" data-element_type=\"container\" data-settings=\"{&quot;background_background&quot;:&quot;classic&quot;,&quot;animation&quot;:&quot;fadeInUp&quot;,&quot;animation_delay&quot;:400}\">\n\t\t\t\t<div class=\"elementor-element elementor-element-fc6cdd2 elementor-widget elementor-widget-spacer\" data-id=\"fc6cdd2\" data-element_type=\"widget\" data-widget_type=\"spacer.default\">\n\t\t\t\t\t\t\t<div class=\"elementor-spacer\">\n\t\t\t<div class=\"elementor-spacer-inner\"><\/div>\n\t\t<\/div>\n\t\t\t\t\t\t<\/div>\n\t\t\t\t<\/div>\n\t\t\t\t<\/div>\n\t\t\t\t\t<\/div>\n\t\t\t\t<\/div>\n\t\t\t\t<\/div>","protected":false},"excerpt":{"rendered":"<p>Aprende espa\u00f1ol como si vivieras en Espa\u00f1a Aprende espa\u00f1ol como si vivieras en Espa\u00f1a Clases online divertidas, reales y eficaces para adultos que quieren hablar sin miedo. Una forma distinta de aprender: en grupo o individualmente, con un profesor nativo, conversaci\u00f3n real desde el primer d\u00eda y con el sabor aut\u00e9ntico de Espa\u00f1a. Reserva tu [&hellip;]<\/p>","protected":false},"author":2,"featured_media":0,"parent":0,"menu_order":0,"comment_status":"closed","ping_status":"closed","template":"","meta":{"footnotes":""},"class_list":["post-44","page","type-page","status-publish","hentry"],"yoast_head":"<!-- This site is optimized with the Yoast SEO plugin v26.1.1 - https:\/\/yoast.com\/wordpress\/plugins\/seo\/ -->\n<title>Inicio - Samely Lab<\/title>\n<meta name=\"robots\" content=\"index, follow, max-snippet:-1, max-image-preview:large, max-video-preview:-1\" \/>\n<link rel=\"canonical\" href=\"https:\/\/samelylab.es\/it\/\" \/>\n<meta property=\"og:locale\" content=\"it_IT\" \/>\n<meta property=\"og:type\" content=\"article\" \/>\n<meta property=\"og:title\" content=\"Inicio - Samely Lab\" \/>\n<meta property=\"og:description\" content=\"Aprende espa\u00f1ol como si vivieras en Espa\u00f1a Aprende espa\u00f1ol como si vivieras en Espa\u00f1a Clases online divertidas, reales y eficaces para adultos que quieren hablar sin miedo. Una forma distinta de aprender: en grupo o individualmente, con un profesor nativo, conversaci\u00f3n real desde el primer d\u00eda y con el sabor aut\u00e9ntico de Espa\u00f1a. Reserva tu [&hellip;]\" \/>\n<meta property=\"og:url\" content=\"https:\/\/samelylab.es\/it\/\" \/>\n<meta property=\"og:site_name\" content=\"Samely Lab\" \/>\n<meta property=\"article:modified_time\" content=\"2025-10-10T08:02:16+00:00\" \/>\n<meta name=\"twitter:card\" content=\"summary_large_image\" \/>\n<meta name=\"twitter:label1\" content=\"Tempo di lettura stimato\" \/>\n\t<meta name=\"twitter:data1\" content=\"1 minuto\" \/>\n<script type=\"application\/ld+json\" class=\"yoast-schema-graph\">{\"@context\":\"https:\/\/schema.org\",\"@graph\":[{\"@type\":\"WebPage\",\"@id\":\"https:\/\/samelylab.es\/\",\"url\":\"https:\/\/samelylab.es\/\",\"name\":\"Inicio - Samely Lab\",\"isPartOf\":{\"@id\":\"https:\/\/samelylab.es\/#website\"},\"datePublished\":\"2025-10-09T11:52:47+00:00\",\"dateModified\":\"2025-10-10T08:02:16+00:00\",\"breadcrumb\":{\"@id\":\"https:\/\/samelylab.es\/#breadcrumb\"},\"inLanguage\":\"it-IT\",\"potentialAction\":[{\"@type\":\"ReadAction\",\"target\":[\"https:\/\/samelylab.es\/\"]}]},{\"@type\":\"BreadcrumbList\",\"@id\":\"https:\/\/samelylab.es\/#breadcrumb\",\"itemListElement\":[{\"@type\":\"ListItem\",\"position\":1,\"name\":\"Home\",\"item\":\"https:\/\/samelylab.es\/\"},{\"@type\":\"ListItem\",\"position\":2,\"name\":\"Inicio\"}]},{\"@type\":\"WebSite\",\"@id\":\"https:\/\/samelylab.es\/#website\",\"url\":\"https:\/\/samelylab.es\/\",\"name\":\"Samely Lab\",\"description\":\"\",\"potentialAction\":[{\"@type\":\"SearchAction\",\"target\":{\"@type\":\"EntryPoint\",\"urlTemplate\":\"https:\/\/samelylab.es\/?s={search_term_string}\"},\"query-input\":{\"@type\":\"PropertyValueSpecification\",\"valueRequired\":true,\"valueName\":\"search_term_string\"}}],\"inLanguage\":\"it-IT\"}]}<\/script>\n<!-- \/ Yoast SEO plugin. -->","yoast_head_json":{"title":"Inicio - Samely Lab","robots":{"index":"index","follow":"follow","max-snippet":"max-snippet:-1","max-image-preview":"max-image-preview:large","max-video-preview":"max-video-preview:-1"},"canonical":"https:\/\/samelylab.es\/it\/","og_locale":"it_IT","og_type":"article","og_title":"Inicio - Samely Lab","og_description":"Aprende espa\u00f1ol como si vivieras en Espa\u00f1a Aprende espa\u00f1ol como si vivieras en Espa\u00f1a Clases online divertidas, reales y eficaces para adultos que quieren hablar sin miedo. Una forma distinta de aprender: en grupo o individualmente, con un profesor nativo, conversaci\u00f3n real desde el primer d\u00eda y con el sabor aut\u00e9ntico de Espa\u00f1a. Reserva tu [&hellip;]","og_url":"https:\/\/samelylab.es\/it\/","og_site_name":"Samely Lab","article_modified_time":"2025-10-10T08:02:16+00:00","twitter_card":"summary_large_image","twitter_misc":{"Tempo di lettura stimato":"1 minuto"},"schema":{"@context":"https:\/\/schema.org","@graph":[{"@type":"WebPage","@id":"https:\/\/samelylab.es\/","url":"https:\/\/samelylab.es\/","name":"Inicio - Samely Lab","isPartOf":{"@id":"https:\/\/samelylab.es\/#website"},"datePublished":"2025-10-09T11:52:47+00:00","dateModified":"2025-10-10T08:02:16+00:00","breadcrumb":{"@id":"https:\/\/samelylab.es\/#breadcrumb"},"inLanguage":"it-IT","potentialAction":[{"@type":"ReadAction","target":["https:\/\/samelylab.es\/"]}]},{"@type":"BreadcrumbList","@id":"https:\/\/samelylab.es\/#breadcrumb","itemListElement":[{"@type":"ListItem","position":1,"name":"Home","item":"https:\/\/samelylab.es\/"},{"@type":"ListItem","position":2,"name":"Inicio"}]},{"@type":"WebSite","@id":"https:\/\/samelylab.es\/#website","url":"https:\/\/samelylab.es\/","name":"Samely Lab","description":"","potentialAction":[{"@type":"SearchAction","target":{"@type":"EntryPoint","urlTemplate":"https:\/\/samelylab.es\/?s={search_term_string}"},"query-input":{"@type":"PropertyValueSpecification","valueRequired":true,"valueName":"search_term_string"}}],"inLanguage":"it-IT"}]}},"_links":{"self":[{"href":"https:\/\/samelylab.es\/it\/wp-json\/wp\/v2\/pages\/44","targetHints":{"allow":["GET"]}}],"collection":[{"href":"https:\/\/samelylab.es\/it\/wp-json\/wp\/v2\/pages"}],"about":[{"href":"https:\/\/samelylab.es\/it\/wp-json\/wp\/v2\/types\/page"}],"author":[{"embeddable":true,"href":"https:\/\/samelylab.es\/it\/wp-json\/wp\/v2\/users\/2"}],"replies":[{"embeddable":true,"href":"https:\/\/samelylab.es\/it\/wp-json\/wp\/v2\/comments?post=44"}],"version-history":[{"count":16,"href":"https:\/\/samelylab.es\/it\/wp-json\/wp\/v2\/pages\/44\/revisions"}],"predecessor-version":[{"id":237,"href":"https:\/\/samelylab.es\/it\/wp-json\/wp\/v2\/pages\/44\/revisions\/237"}],"wp:attachment":[{"href":"https:\/\/samelylab.es\/it\/wp-json\/wp\/v2\/media?parent=44"}],"curies":[{"name":"wp","href":"https:\/\/api.w.org\/{rel}","templated":true}]}}